{"id":28953,"date":"2020-12-03T10:05:28","date_gmt":"2020-12-03T09:05:28","guid":{"rendered":"https:\/\/www.christianzemp.com\/?page_id=28953"},"modified":"2025-03-01T22:31:29","modified_gmt":"2025-03-01T21:31:29","slug":"gruppenlektionen","status":"publish","type":"page","link":"https:\/\/christianzemp.com\/en\/gruppenlektionen\/","title":{"rendered":"Group Lessons ATM"},"content":{"rendered":"<p>[et_pb_section fb_built=&#8221;1&#8243; fullwidth=&#8221;on&#8221; admin_label=&#8221;Sektion&#8221; _builder_version=&#8221;4.11.2&#8243; _module_preset=&#8221;default&#8221; background_video_mp4=&#8221;https:\/\/christianzemp.com\/wp-content\/uploads\/2021\/11\/IFF_Contemp_2014_vid_Moments_de.mp4&#8243; background_video_width=&#8221;100%&#8221; background_video_height=&#8221;100%&#8221; transform_scale_tablet=&#8221;&#8221; transform_scale_phone=&#8221;&#8221; transform_scale_last_edited=&#8221;on|desktop&#8221; transform_translate_tablet=&#8221;&#8221; transform_translate_phone=&#8221;&#8221; transform_translate_last_edited=&#8221;on|desktop&#8221; transform_rotate_tablet=&#8221;&#8221; transform_rotate_phone=&#8221;&#8221; transform_rotate_last_edited=&#8221;on|phone&#8221; transform_skew_tablet=&#8221;&#8221; transform_skew_phone=&#8221;&#8221; transform_skew_last_edited=&#8221;on|desktop&#8221; transform_origin_tablet=&#8221;&#8221; transform_origin_phone=&#8221;&#8221; transform_origin_last_edited=&#8221;on|desktop&#8221; transform_styles_last_edited=&#8221;on|phone&#8221; width=&#8221;100%&#8221; min_height=&#8221;1000px&#8221; custom_margin=&#8221;0px|0px|0px|0px|false|false&#8221; custom_padding=&#8221;0px|0px|0px|0px|false|false&#8221; link_option_url=&#8221;#atm&#8221; background_last_edited=&#8221;on|tablet&#8221; background_video_width_phone=&#8221;50%&#8221; background_video_height_phone=&#8221;50%&#8221; transform_styles_tablet=&#8221;&#8221; transform_styles_phone=&#8221;&#8221; global_colors_info=&#8221;{}&#8221;][et_pb_fullwidth_image _builder_version=&#8221;4.11.2&#8243; _module_preset=&#8221;default&#8221; custom_margin=&#8221;0px|0px|0px|0px|false|false&#8221; custom_padding=&#8221;0px||0px|0px|false|false&#8221; global_colors_info=&#8221;{}&#8221;][\/et_pb_fullwidth_image][\/et_pb_section][et_pb_section fb_built=&#8221;1&#8243; _builder_version=&#8221;4.11.2&#8243; _module_preset=&#8221;default&#8221; custom_padding=&#8221;||6px|||&#8221; global_colors_info=&#8221;{}&#8221;][et_pb_row module_id=&#8221;atm&#8221; _builder_version=&#8221;4.11.2&#8243; _module_preset=&#8221;default&#8221; global_colors_info=&#8221;{}&#8221;][et_pb_column type=&#8221;4_4&#8243; _builder_version=&#8221;4.11.2&#8243; _module_preset=&#8221;default&#8221; global_colors_info=&#8221;{}&#8221;][et_pb_text _builder_version=&#8221;4.11.2&#8243; _module_preset=&#8221;927833a9-1c65-4b8f-8173-a0eb5c4b2bcc&#8221; header_font_size=&#8221;53px&#8221; header_letter_spacing=&#8221;5px&#8221; header_font_tablet=&#8221;&#8221; header_font_phone=&#8221;&#8221; header_font_last_edited=&#8221;on|phone&#8221; global_colors_info=&#8221;{}&#8221;]<\/p>\n<h1 style=\"text-align: left;\">Group Lessons ATM<\/h1>\n<p>[\/et_pb_text][\/et_pb_column][\/et_pb_row][et_pb_row _builder_version=&#8221;4.11.2&#8243; _module_preset=&#8221;default&#8221; custom_margin=&#8221;0px||100px||false|false&#8221; custom_padding=&#8221;0px||0px||false|false&#8221; link_option_url=&#8221;#kurse&#8221; global_colors_info=&#8221;{}&#8221;][et_pb_column type=&#8221;4_4&#8243; _builder_version=&#8221;4.7.3&#8243; _module_preset=&#8221;default&#8221; global_colors_info=&#8221;{}&#8221;][et_pb_text _builder_version=&#8221;4.11.2&#8243; _module_preset=&#8221;a35aa1e7-8bdb-4fb3-b0cf-34fae93d9e0e&#8221; header_3_font_size=&#8221;19px&#8221; header_3_letter_spacing=&#8221;2.7px&#8221; global_colors_info=&#8221;{}&#8221;]<\/p>\n<h3 style=\"text-align: left;\" class=\" translation-block\">ATM stands for \"Awareness Through Movement\". In ATM lessons, you are instructed in movement sequences by words. The focus is not on practising these movements in the sense of training, but on gaining more conscious awareness of <em>how<\/em> we do something.<br> You learn mindfulness in movement - the differentiated self-awareness you learn helps you to achieve greater physical, mental and emotional flexibility in equal measure.<\/h3>\n<p>&nbsp;<\/p>\n<h3 style=\"text-align: left;\">Feldenkrais group lessons foster the ability to move more easily and powerfully as well as the opportunity to find alternatives to habitual patterns of thought and action or to achieve more mental clarity and calmness.<\/h3>\n<h3 style=\"text-align: left;\">Researching openly with your own movement is based on the way we learnt new things as babies and children and opens up the field for a curious approach to yourself. It is quite possible that you will discover unexpected possibilities and abilities within yourself and that your idea of \"who\" you are will change and expand.<\/h3>\n<h3 style=\"text-align: left;\"><\/h3>\n<h3 style=\"text-align: left;\">The range of these diverse lessons extends from very basic movement sequences and human functions such as grasping, rolling, turning, sitting up and standing to the specialised use of the hands, eyes or the differentiation of our toes.\u00a0<\/h3>\n<h3 style=\"text-align: left;\"><\/h3>\n<h3 style=\"text-align: left;\">Most lessons take place lying or sitting on a thin mat on the floor and usually last an hour.<br \/>Participants of all ages and regardless of personal and professional background are welcome.<\/h3>\n<p>[\/et_pb_text][\/et_pb_column][\/et_pb_row][et_pb_row _builder_version=&#8221;4.11.2&#8243; _module_preset=&#8221;default&#8221; custom_margin=&#8221;0px|auto|-1px|auto|false|false&#8221; custom_padding=&#8221;0px||0px||false|false&#8221; link_option_url=&#8221;#kurse&#8221; global_colors_info=&#8221;{}&#8221;][et_pb_column type=&#8221;4_4&#8243; _builder_version=&#8221;4.7.3&#8243; _module_preset=&#8221;default&#8221; global_colors_info=&#8221;{}&#8221;][et_pb_text _builder_version=&#8221;4.11.2&#8243; _module_preset=&#8221;a35aa1e7-8bdb-4fb3-b0cf-34fae93d9e0e&#8221; header_2_font=&#8221;sequel65||||||||&#8221; header_2_font_size=&#8221;32px&#8221; header_2_letter_spacing=&#8221;2px&#8221; header_2_line_height=&#8221;2em&#8221; header_3_font_size=&#8221;19px&#8221; header_3_letter_spacing=&#8221;1.5px&#8221; header_4_font=&#8221;sequel45_new||||||||&#8221; header_4_line_height=&#8221;2em&#8221; header_2_font_size_tablet=&#8221;26px&#8221; header_2_font_size_phone=&#8221;20px&#8221; header_2_font_size_last_edited=&#8221;on|phone&#8221; header_3_font_size_tablet=&#8221;16px&#8221; header_3_font_size_phone=&#8221;13px&#8221; header_3_font_size_last_edited=&#8221;on|phone&#8221; header_4_font_size_tablet=&#8221;13px&#8221; header_4_font_size_phone=&#8221;10px&#8221; header_4_font_size_last_edited=&#8221;on|phone&#8221; header_4_letter_spacing_tablet=&#8221;&#8221; header_4_letter_spacing_phone=&#8221;&#8221; header_4_letter_spacing_last_edited=&#8221;on|phone&#8221; global_colors_info=&#8221;{}&#8221;]<\/p>\n<h2>GROUP LESSONS IN COPENHAGEN<br \/>MONDAY 19:00 \u2013 20:00<\/h2>\n<h3><\/h3>\n<h3>Together with fellow practitioners from <a href=\"https:\/\/www.instagram.com\/feldenkrais_dk\/\" target=\"_blank\" rel=\"noopener\" title=\"feldenkrais_dk\"><em>feldenkrais_dk<\/em> <\/a>we are hosting weekly Feldenkrais \u00abAwareness Through Movement\u00bb lessons at Astanga Yoga Studio.<\/h3>\n<h3>Every Monday from 19:00 - 20:00, it's drop in and everyone is welcome. No prior registration or prior experience needed. To read the latest updates on instagram:<\/h3>\n<h3><\/h3>\n<h3><\/h3>\n<h3><a href=\"https:\/\/www.instagram.com\/feldenkrais_dk\/\" target=\"_blank\" rel=\"noopener\" title=\"click here\"><em>click here<\/em><\/a><\/h3>\n<h3><\/h3>\n<h3><\/h3>\n<h3><\/h3>\n<h3><\/h3>\n<p>[\/et_pb_text][\/et_pb_column][\/et_pb_row][et_pb_row _builder_version=&#8221;4.11.2&#8243; _module_preset=&#8221;default&#8221; width=&#8221;70%&#8221; width_tablet=&#8221;&#8221; width_phone=&#8221;80%&#8221; width_last_edited=&#8221;on|phone&#8221; locked=&#8221;off&#8221; global_colors_info=&#8221;{}&#8221;][et_pb_column type=&#8221;4_4&#8243; _builder_version=&#8221;4.11.2&#8243; _module_preset=&#8221;default&#8221; global_colors_info=&#8221;{}&#8221;][dsm_embed_google_map address=&#8221;Fensmarkgade 1, 2200 N\u00f8rrebro, Denmark&#8221; zoom=&#8221;14px&#8221; _builder_version=&#8221;4.11.2&#8243; _module_preset=&#8221;default&#8221; width=&#8221;100%&#8221; height=&#8221;484px&#8221; hover_enabled=&#8221;0&#8243; global_colors_info=&#8221;{}&#8221; sticky_enabled=&#8221;0&#8243;][\/dsm_embed_google_map][\/et_pb_column][\/et_pb_row][et_pb_row module_id=&#8221;kurse&#8221; _builder_version=&#8221;4.11.2&#8243; _module_preset=&#8221;default&#8221; custom_margin=&#8221;110px|auto||auto||&#8221; custom_padding=&#8221;29px|||||&#8221; global_colors_info=&#8221;{}&#8221;][et_pb_column type=&#8221;4_4&#8243; _builder_version=&#8221;4.11.2&#8243; _module_preset=&#8221;default&#8221; global_colors_info=&#8221;{}&#8221;][et_pb_text _builder_version=&#8221;4.11.2&#8243; _module_preset=&#8221;6bf46088-2237-482b-a07c-8a845e919a4b&#8221; header_2_font=&#8221;sequel65||||||||&#8221; header_2_font_size=&#8221;32px&#8221; header_2_letter_spacing=&#8221;2px&#8221; header_2_line_height=&#8221;2em&#8221; header_3_font_size=&#8221;19px&#8221; header_3_letter_spacing=&#8221;1.5px&#8221; header_4_font=&#8221;sequel45_new||||||||&#8221; header_4_line_height=&#8221;2em&#8221; header_2_font_size_tablet=&#8221;26px&#8221; header_2_font_size_phone=&#8221;20px&#8221; header_2_font_size_last_edited=&#8221;on|phone&#8221; header_3_font_size_tablet=&#8221;16px&#8221; header_3_font_size_phone=&#8221;13px&#8221; header_3_font_size_last_edited=&#8221;on|phone&#8221; header_4_font_size_tablet=&#8221;13px&#8221; header_4_font_size_phone=&#8221;10px&#8221; header_4_font_size_last_edited=&#8221;on|phone&#8221; header_4_letter_spacing_tablet=&#8221;&#8221; header_4_letter_spacing_phone=&#8221;&#8221; header_4_letter_spacing_last_edited=&#8221;on|phone&#8221; global_colors_info=&#8221;{}&#8221;]<\/p>\n<h2>ONLINE COURSES AND MORE<\/h2>\n<h3>Online Series \u00abAwareness Through Movement\u00bb, Sunday 20:00\u201321:00, starting soon.\nClick the green button to sign-up for this class.<\/h3>\n<h3>On request, I offer workshops for exclusive groups and advanced training for musicians, music teachers, sports teams and more.<\/h3>\n<h3><\/h3>\n<p>[\/et_pb_text][\/et_pb_column][\/et_pb_row][\/et_pb_section][et_pb_section fb_built=&#8221;1&#8243; _builder_version=&#8221;4.7.3&#8243; _module_preset=&#8221;default&#8221; max_width=&#8221;100%&#8221; custom_padding=&#8221;13px|||||&#8221; global_colors_info=&#8221;{}&#8221;][et_pb_row _builder_version=&#8221;4.11.2&#8243; _module_preset=&#8221;default&#8221; custom_margin=&#8221;0px||10vh||false|false&#8221; custom_padding=&#8221;0px||0px||false|false&#8221; global_colors_info=&#8221;{}&#8221;][et_pb_column type=&#8221;4_4&#8243; _builder_version=&#8221;4.7.3&#8243; _module_preset=&#8221;default&#8221; global_colors_info=&#8221;{}&#8221;][et_pb_text _builder_version=&#8221;4.11.2&#8243; _dynamic_attributes=&#8221;link_option_url&#8221; _module_preset=&#8221;e49c89bb-f492-4270-99bb-9767374bc8bc&#8221; width_tablet=&#8221;200px&#8221; width_phone=&#8221;150px&#8221; width_last_edited=&#8221;on|tablet&#8221; height=&#8221;200px&#8221; height_tablet=&#8221;200px&#8221; height_phone=&#8221;150px&#8221; height_last_edited=&#8221;on|phone&#8221; custom_margin_tablet=&#8221;&#8221; custom_margin_phone=&#8221;&#8221; custom_margin_last_edited=&#8221;on|desktop&#8221; custom_padding=&#8221;70px||||false|false&#8221; custom_padding_tablet=&#8221;&#8221; custom_padding_phone=&#8221;50px||||false|false&#8221; custom_padding_last_edited=&#8221;on|phone&#8221; link_option_url=&#8221;mailto:christian.zemp@live.com?subject=Anfrage f\u00fcr Feldenkrais Gruppenlektionen&#038;body=(alternativ erreichen Sie mich per Telefon unter +41 77 406 40 71)&#8221; header_3_font_tablet=&#8221;&#8221; header_3_font_phone=&#8221;&#8221; header_3_font_last_edited=&#8221;on|phone&#8221; header_3_font_size_tablet=&#8221;&#8221; header_3_font_size_phone=&#8221;14px&#8221; header_3_font_size_last_edited=&#8221;on|phone&#8221; global_colors_info=&#8221;{}&#8221; transform_scale__hover=&#8221;110%|110%&#8221;]<\/p>\n<h3><\/h3>\n<h3>sign up<\/h3>\n<p>[\/et_pb_text][\/et_pb_column][\/et_pb_row][\/et_pb_section][et_pb_section fb_built=&#8221;1&#8243; _builder_version=&#8221;4.11.2&#8243; _module_preset=&#8221;default&#8221; custom_margin_tablet=&#8221;&#8221; custom_margin_phone=&#8221;0px||0px||false|false&#8221; custom_margin_last_edited=&#8221;on|phone&#8221; custom_padding=&#8221;0px||||false|false&#8221; global_colors_info=&#8221;{}&#8221;][et_pb_row custom_padding_last_edited=&#8221;on|phone&#8221; _builder_version=&#8221;4.11.2&#8243; _module_preset=&#8221;default&#8221; width_tablet=&#8221;&#8221; width_phone=&#8221;100%&#8221; width_last_edited=&#8221;on|phone&#8221; custom_margin_tablet=&#8221;&#8221; custom_margin_phone=&#8221;-1px|0px|0px|0px|false|false&#8221; custom_margin_last_edited=&#8221;on|phone&#8221; custom_padding_tablet=&#8221;&#8221; custom_padding_phone=&#8221;0px|0px|0px|0px|false|false&#8221; module_alignment_tablet=&#8221;&#8221; module_alignment_phone=&#8221;right&#8221; module_alignment_last_edited=&#8221;on|phone&#8221; global_colors_info=&#8221;{}&#8221;][et_pb_column type=&#8221;4_4&#8243; _builder_version=&#8221;4.11.2&#8243; _module_preset=&#8221;default&#8221; global_colors_info=&#8221;{}&#8221;][et_pb_text content_tablet=&#8221;&#8221; content_phone=&#8221;<\/p>\n<h3 style=\"%22text-align:\" right;%22>* The supplementary insurance policies of most Swiss health insurance companies cover up to 75% of the costs for group lessons as part of alternative\/complementary medicine.<\/h3>\n<h3><\/h3>\n<p>&#8221; content_last_edited=&#8221;on|tablet&#8221; module_id=&#8221;kk&#8221; _builder_version=&#8221;4.11.2&#8243; _module_preset=&#8221;a35aa1e7-8bdb-4fb3-b0cf-34fae93d9e0e&#8221; header_3_font_size=&#8221;19px&#8221; header_3_letter_spacing=&#8221;2.7px&#8221; text_orientation=&#8221;left&#8221; width=&#8221;73%&#8221; width_tablet=&#8221;&#8221; width_phone=&#8221;100%&#8221; width_last_edited=&#8221;on|phone&#8221; module_alignment=&#8221;right&#8221; custom_padding_tablet=&#8221;&#8221; custom_padding_phone=&#8221;|10px|||false|false&#8221; custom_padding_last_edited=&#8221;on|phone&#8221; global_colors_info=&#8221;{}&#8221;]<\/p>\n<h3 style=\"text-align: right;\">* The supplementary insurance policies of most Swiss health insurance companies cover up to 75% of the costs for group lessons as part of alternative\/complementary medicine.<\/h3>\n<h3><\/h3>\n<p>[\/et_pb_text][\/et_pb_column][\/et_pb_row][\/et_pb_section]<\/p>","protected":false},"excerpt":{"rendered":"<p>GRUPPENLEKTIONEN ATMATM steht f\u00fcr \u00abAwareness Through Movement\u00bb \u2013 Bewusstheit durch Bewegung. In ATM Lektionen wirst Du mit Worten zu Bewegungsabl\u00e4ufen angeleitet. Im Zentrum steht dabei nicht, diese Bewegungen im Sinne eines Trainings zu \u00fcben sondern die bewusste Aufmerksamkeit daf\u00fcr zu schulen wie wir etwas tun.Du lernst Achtsamkeit in Bewegung \u2013 die erlernte differenzierte Selbstwahrnehmung hilft [&hellip;]<\/p>","protected":false},"author":1,"featured_media":0,"parent":0,"menu_order":0,"comment_status":"closed","ping_status":"closed","template":"","meta":{"_et_pb_use_builder":"on","_et_pb_old_content":"<!-- wp:divi\/placeholder \/-->","_et_gb_content_width":""},"_links":{"self":[{"href":"https:\/\/christianzemp.com\/en\/wp-json\/wp\/v2\/pages\/28953"}],"collection":[{"href":"https:\/\/christianzemp.com\/en\/wp-json\/wp\/v2\/pages"}],"about":[{"href":"https:\/\/christianzemp.com\/en\/wp-json\/wp\/v2\/types\/page"}],"author":[{"embeddable":true,"href":"https:\/\/christianzemp.com\/en\/wp-json\/wp\/v2\/users\/1"}],"replies":[{"embeddable":true,"href":"https:\/\/christianzemp.com\/en\/wp-json\/wp\/v2\/comments?post=28953"}],"version-history":[{"count":79,"href":"https:\/\/christianzemp.com\/en\/wp-json\/wp\/v2\/pages\/28953\/revisions"}],"predecessor-version":[{"id":30765,"href":"https:\/\/christianzemp.com\/en\/wp-json\/wp\/v2\/pages\/28953\/revisions\/30765"}],"wp:attachment":[{"href":"https:\/\/christianzemp.com\/en\/wp-json\/wp\/v2\/media?parent=28953"}],"curies":[{"name":"wp","href":"https:\/\/api.w.org\/{rel}","templated":true}]}}