{"id":28955,"date":"2020-12-03T10:05:48","date_gmt":"2020-12-03T09:05:48","guid":{"rendered":"https:\/\/www.christianzemp.com\/?page_id=28955"},"modified":"2026-02-23T23:58:44","modified_gmt":"2026-02-23T22:58:44","slug":"einzellektionen","status":"publish","type":"page","link":"https:\/\/christianzemp.com\/en\/einzellektionen\/","title":{"rendered":"Individual Lessons FI"},"content":{"rendered":"<p>[et_pb_section fb_built=&#8221;1&#8243; fullwidth=&#8221;on&#8221; _builder_version=&#8221;4.11.2&#8243; _module_preset=&#8221;default&#8221; global_colors_info=&#8221;{}&#8221;][et_pb_fullwidth_image src=&#8221;https:\/\/christianzemp.com\/wp-content\/uploads\/2024\/08\/FI-scaled.jpg&#8221; title_text=&#8221;FI&#8221; url=&#8221;#fi&#8221; src_tablet=&#8221;https:\/\/christianzemp.com\/wp-content\/uploads\/2021\/11\/DSC5343-scaled.jpg&#8221; src_phone=&#8221;https:\/\/christianzemp.com\/wp-content\/uploads\/2021\/11\/DSC5343-scaled.jpg&#8221; src_last_edited=&#8221;on|desktop&#8221; _builder_version=&#8221;4.11.2&#8243; _module_preset=&#8221;default&#8221; global_colors_info=&#8221;{}&#8221;][\/et_pb_fullwidth_image][\/et_pb_section][et_pb_section fb_built=&#8221;1&#8243; module_id=&#8221;fi&#8221; _builder_version=&#8221;4.11.2&#8243; _module_preset=&#8221;default&#8221; global_colors_info=&#8221;{}&#8221;][et_pb_row _builder_version=&#8221;4.11.2&#8243; _module_preset=&#8221;default&#8221; custom_margin=&#8221;0px||50px||false|false&#8221; custom_padding=&#8221;0px||0px||false|false&#8221; global_colors_info=&#8221;{}&#8221;][et_pb_column type=&#8221;4_4&#8243; _builder_version=&#8221;4.11.2&#8243; _module_preset=&#8221;default&#8221; global_colors_info=&#8221;{}&#8221;][et_pb_text content_tablet=&#8221;<\/p>\n<h1>Einzellektion FI<\/h1>\n<h2 style=\"%22text-align:\" right;%22><span style=\"%22font-family:\" sequel65; font-weight: normal;%22>Functional Integration<\/span><\/h2>\n<p>&#8221; content_phone=&#8221;<\/p>\n<h1>Einzellektion FI<\/h1>\n<h2 style=\"%22text-align:\" right;%22><span style=\"%22font-family:\" sequel65; font-weight: normal;%22>Functional Integration<\/span><\/h2>\n<p>&#8221; content_last_edited=&#8221;off|desktop&#8221; _builder_version=&#8221;4.11.2&#8243; _module_preset=&#8221;927833a9-1c65-4b8f-8173-a0eb5c4b2bcc&#8221; header_line_height=&#8221;1em&#8221; scroll_fade=&#8221;17|18|97|100|0|100|100&#8243; inline_fonts=&#8221;sequel65&#8243; global_colors_info=&#8221;{}&#8221;]<\/p>\n<h1>Individual Lessons FI<\/h1>\n<h2 style=\"text-align: right;\"><span style=\"font-family: sequel65; font-weight: normal;\">Functional Integration<\/span><\/h2>\n<p>[\/et_pb_text][\/et_pb_column][\/et_pb_row][et_pb_row _builder_version=&#8221;4.11.2&#8243; _module_preset=&#8221;default&#8221; custom_margin=&#8221;0px||0px||false|false&#8221; custom_padding=&#8221;0px||0px||false|false&#8221; global_colors_info=&#8221;{}&#8221;][et_pb_column type=&#8221;4_4&#8243; _builder_version=&#8221;4.11.2&#8243; _module_preset=&#8221;default&#8221; global_colors_info=&#8221;{}&#8221;][et_pb_text _builder_version=&#8221;4.11.2&#8243; _module_preset=&#8221;a35aa1e7-8bdb-4fb3-b0cf-34fae93d9e0e&#8221; header_3_font_size=&#8221;19px&#8221; header_3_letter_spacing=&#8221;2.7px&#8221; custom_margin=&#8221;0px||0px||false|false&#8221; custom_padding=&#8221;0px||0px||false|false&#8221; link_option_url=&#8221;#booknow&#8221; inline_fonts=&#8221;sequel45&#8243; global_colors_info=&#8221;{}&#8221; transform_styles__hover_enabled=&#8221;off|desktop&#8221;]<\/p>\n<h3 style=\"text-align: right;\"><span style=\"font-family: sequel45; font-weight: normal;\">In the individual lesson, direct, non-verbal communication takes place by means of precise touch and movement. <\/span><span style=\"font-family: sequel45; font-weight: normal;\">In these highly personalised one-to-one sessions, individual needs can be addressed very specifically.\u00a0<\/span><\/h3>\n<h3 style=\"text-align: right;\"><span style=\"font-family: sequel45; font-weight: normal;\">Feldenkrais Practitioners are trained to observe movement sequences, qualities and patterns and can therefore collaborate with you to find the most suitable approach for your specific function. The Feldenkrais Practitioner's trained, finely nuanced movements enable you to develop differentiated self-awareness and thus create the conditions for actively learning previously unconscious connections, movement- and thought patterns.<\/span><\/h3>\n<h3 style=\"text-align: right;\"><span style=\"font-family: sequel45; font-weight: normal;\">This multi-faceted learning process can not only help to make highly specialised activities, but also movements and actions in everyday life more conscious, easier and more pleasant.<\/span><\/h3>\n<p><span style=\"font-family: sequel45; font-weight: normal;\"><\/span><\/p>\n<p>[\/et_pb_text][\/et_pb_column][\/et_pb_row][\/et_pb_section][et_pb_section fb_built=&#8221;1&#8243; module_id=&#8221;booknow&#8221; _builder_version=&#8221;4.11.2&#8243; _module_preset=&#8221;default&#8221; width=&#8221;100%&#8221; global_colors_info=&#8221;{}&#8221;][et_pb_row column_structure=&#8221;2_5,3_5&#8243; _builder_version=&#8221;4.11.2&#8243; _module_preset=&#8221;default&#8221; width=&#8221;70%&#8221; width_tablet=&#8221;&#8221; width_phone=&#8221;&#8221; width_last_edited=&#8221;on|desktop&#8221; custom_margin=&#8221;0px||0px||false|false&#8221; custom_padding=&#8221;0px||5vh||false|false&#8221; global_colors_info=&#8221;{}&#8221;][et_pb_column type=&#8221;2_5&#8243; _builder_version=&#8221;4.11.2&#8243; _module_preset=&#8221;default&#8221; global_colors_info=&#8221;{}&#8221;][et_pb_text content_tablet=&#8221;<\/p>\n<h3>request individual lesson<\/h3>\n<p>&#8221; content_phone=&#8221;<\/p>\n<h3><a href=\"\/en\/\"\/#footer\"\">request individual lesson<\/a><\/h3>\n<p>&#8221; content_last_edited=&#8221;on|phone&#8221; _builder_version=&#8221;4.11.2&#8243; _module_preset=&#8221;e49c89bb-f492-4270-99bb-9767374bc8bc&#8221; link_text_color=&#8221;#FFFFFF&#8221; width_tablet=&#8221;150px&#8221; width_phone=&#8221;150px&#8221; width_last_edited=&#8221;on|phone&#8221; height_tablet=&#8221;150px&#8221; height_phone=&#8221;150px&#8221; height_last_edited=&#8221;on|tablet&#8221; custom_padding_tablet=&#8221;50px||||false|false&#8221; custom_padding_phone=&#8221;50px||||false|false&#8221; custom_padding_last_edited=&#8221;on|phone&#8221; link_option_url=&#8221;mailto:christian.zemp@live.com?subject=Anfrage f\u00fcr Feldenkrais Einzellektion&#038;body=(alternativ erreichen Sie mich per Telefon unter +41 77 406 40 71)&#8221; link_option_url_new_window=&#8221;on&#8221; scroll_fade_enable=&#8221;on&#8221; scroll_fade=&#8221;14|15|96|100|0|100|100&#8243; text_font_size_tablet=&#8221;12px&#8221; text_font_size_phone=&#8221;12px&#8221; text_font_size_last_edited=&#8221;on|phone&#8221; header_font_size_tablet=&#8221;&#8221; header_font_size_phone=&#8221;12px&#8221; header_font_size_last_edited=&#8221;on|phone&#8221; header_3_font_size_tablet=&#8221;12px&#8221; header_3_font_size_phone=&#8221;12px&#8221; header_3_font_size_last_edited=&#8221;on|phone&#8221; global_module=&#8221;29444&#8243; global_colors_info=&#8221;{}&#8221; transform_scale__hover=&#8221;120%|120%&#8221;]<\/p>\n<h3>request individual lesson<\/h3>\n<p>[\/et_pb_text][\/et_pb_column][et_pb_column type=&#8221;3_5&#8243; _builder_version=&#8221;4.11.2&#8243; _module_preset=&#8221;default&#8221; global_colors_info=&#8221;{}&#8221;][et_pb_text content_tablet=&#8221;<\/p>\n<h3 style=\"%22text-align:\" left;%22>The supplementary insurance policies of most Swiss health insurance companies cover up to 75% of the costs for individual lessons in the context of alternative\/complementary medicine.<\/h3>\n<p>&#8221; content_phone=&#8221;<\/p>\n<h3 style=\"%22text-align:\" left;%22>The supplementary insurance policies of most Swiss health insurance companies cover up to 75% of the costs for individual lessons in the context of alternative\/complementary medicine.<\/h3>\n<p>&#8221; content_last_edited=&#8221;on|phone&#8221; _builder_version=&#8221;4.11.2&#8243; _module_preset=&#8221;a35aa1e7-8bdb-4fb3-b0cf-34fae93d9e0e&#8221; header_3_font_size=&#8221;19px&#8221; custom_margin=&#8221;3vh|0px|0px|0px|false|false&#8221; global_colors_info=&#8221;{}&#8221;]<\/p>\n<h3 style=\"text-align: right;\">The supplementary insurance policies of most Swiss health insurance companies cover up to 75% of the costs for individual lessons in the context of alternative\/complementary medicine.<\/h3>\n<p>[\/et_pb_text][\/et_pb_column][\/et_pb_row][et_pb_row _builder_version=&#8221;4.11.2&#8243; _module_preset=&#8221;default&#8221; width=&#8221;70%&#8221; width_tablet=&#8221;&#8221; width_phone=&#8221;&#8221; width_last_edited=&#8221;on|tablet&#8221; global_colors_info=&#8221;{}&#8221;][et_pb_column type=&#8221;4_4&#8243; _builder_version=&#8221;4.11.2&#8243; _module_preset=&#8221;default&#8221; global_colors_info=&#8221;{}&#8221;][et_pb_text content_tablet=&#8221;&#8221; content_phone=&#8221;<\/p>\n<h3 style=\"%22text-align:\" left;%22>Feldenkrais individual lessons are recommended for ages 0-120 and regardless of personal or professional background.<\/h3>\n<p>&#8221; content_last_edited=&#8221;on|tablet&#8221; _builder_version=&#8221;4.11.2&#8243; _module_preset=&#8221;a35aa1e7-8bdb-4fb3-b0cf-34fae93d9e0e&#8221; header_3_font_size=&#8221;19px&#8221; global_colors_info=&#8221;{}&#8221;]<\/p>\n<h3 style=\"text-align: right;\">Feldenkrais individual lessons are recommended for ages 0-120 and regardless of personal or professional background.<\/h3>\n<p>[\/et_pb_text][\/et_pb_column][\/et_pb_row][et_pb_row _builder_version=&#8221;4.11.2&#8243; _module_preset=&#8221;default&#8221; width=&#8221;70%&#8221; width_tablet=&#8221;&#8221; width_phone=&#8221;&#8221; width_last_edited=&#8221;on|desktop&#8221; custom_padding=&#8221;100px|||||&#8221; global_colors_info=&#8221;{}&#8221;][et_pb_column type=&#8221;4_4&#8243; _builder_version=&#8221;4.7.3&#8243; _module_preset=&#8221;default&#8221; global_colors_info=&#8221;{}&#8221;][et_pb_slider arrows_custom_color=&#8221;#000000&#8243; dot_nav_custom_color=&#8221;#000000&#8243; _builder_version=&#8221;4.11.2&#8243; _module_preset=&#8221;default&#8221; body_font=&#8221;sequel45_new||||||||&#8221; body_text_align=&#8221;center&#8221; body_text_color=&#8221;#000000&#8243; body_font_size=&#8221;20px&#8221; background_color=&#8221;rgba(0,170,65,0.16)&#8221; custom_button=&#8221;on&#8221; button_text_color=&#8221;#000000&#8243; button_font=&#8221;sequel45_new||||||||&#8221; button_icon=&#8221;%%11%%&#8221; transform_scale_last_edited=&#8221;off|phone&#8221; transform_translate_last_edited=&#8221;off|phone&#8221; transform_rotate_last_edited=&#8221;off|phone&#8221; transform_skew_last_edited=&#8221;off|phone&#8221; transform_origin_last_edited=&#8221;off|phone&#8221; transform_styles_last_edited=&#8221;off|phone&#8221; width_tablet=&#8221;&#8221; width_phone=&#8221;&#8221; width_last_edited=&#8221;on|phone&#8221; max_width=&#8221;100%&#8221; max_width_tablet=&#8221;&#8221; max_width_phone=&#8221;&#8221; max_width_last_edited=&#8221;on|phone&#8221; content_width_last_edited=&#8221;off|phone&#8221; custom_margin=&#8221;0px|0px|0px|0px|false|false&#8221; custom_padding=&#8221;100px|0px|100px|0px|false|false&#8221; hover_transition_duration=&#8221;50ms&#8221; border_radii=&#8221;on|50px|50px|50px|50px&#8221; global_colors_info=&#8221;{}&#8221;][et_pb_slide admin_title=&#8221;j\u00f6rg&#8221; _builder_version=&#8221;4.11.2&#8243; _module_preset=&#8221;default&#8221; header_level=&#8221;h3&#8243; header_font=&#8221;sequel45_new||||||||&#8221; body_font=&#8221;sequel45_new||on||||||&#8221; body_link_text_color=&#8221;#000064&#8243; hover_transition_duration=&#8221;50ms&#8221; body_font_size_tablet=&#8221;13.5px&#8221; body_font_size_phone=&#8221;12px&#8221; body_font_size_last_edited=&#8221;on|phone&#8221; global_colors_info=&#8221;{}&#8221; sticky_transition=&#8221;on&#8221;]<\/p>\n<p>\u00ab Just got back from my first ski tour this winter. What a wonderful feeling to enjoy the deep snow again, so balanced, agile and carefree. Wide open, with a broad horizon and without any discomfort. Feldenkrais with Christian works. And how. \u00bb<\/p>\n<p>J\u00f6rg (58) \u2013 Gesch\u00e4ftsleiter von <a href=\"https:\/\/fairpicture.org\/de\/\" target=\"_blank\" rel=\"noopener\">fairpicture<\/a><\/p>\n<p>[\/et_pb_slide][et_pb_slide admin_title=&#8221;terra&#8221; _builder_version=&#8221;4.11.2&#8243; _module_preset=&#8221;default&#8221; header_level=&#8221;h3&#8243; header_font=&#8221;sequel45_new||||||||&#8221; body_font=&#8221;sequel45_new||on||||||&#8221; hover_transition_duration=&#8221;50ms&#8221; body_font_size_tablet=&#8221;13.5px&#8221; body_font_size_phone=&#8221;12px&#8221; body_font_size_last_edited=&#8221;on|phone&#8221; global_colors_info=&#8221;{}&#8221; sticky_transition=&#8221;on&#8221;]<\/p>\n<p>\u00ab I have been finding lots of space and movement in my rib cage, as well as core stability. Also, the rotation from the fourth metatarsal up through the fibula and into the hip has been a game changer! I feel like I\u2019m dancing in a completely different way, much more grounded and secure. So thank you! \u00bb<\/p>\n<p>Terra (27) \u2013 professional dancer<\/p>\n<div id=\"simple-translate\" class=\"simple-translate-system-theme\">\n<div>\n<div style=\"background-image: url('moz-extension:\/\/f24fd6df-432b-4e1e-b87d-b9626fcfce3b\/icons\/512.png'); height: 22px; width: 22px; top: 258px; left: 324px;\" class=\"simple-translate-button isShow\"><\/div>\n<div class=\"simple-translate-panel\" style=\"width: 300px; height: 200px; top: 0px; left: 0px; font-size: 13px;\">\n<div class=\"simple-translate-result-wrapper\" style=\"overflow: hidden;\">\n<div class=\"simple-translate-move\" draggable=\"true\"><\/div>\n<div class=\"simple-translate-result-contents\">\n<p class=\"simple-translate-result\" dir=\"auto\">\n<p class=\"simple-translate-candidate\" dir=\"auto\">\n<\/div>\n<\/div>\n<\/div>\n<\/div>\n<\/div>\n<p>[\/et_pb_slide][et_pb_slide admin_title=&#8221;lisa&#8221; _builder_version=&#8221;4.11.2&#8243; _module_preset=&#8221;default&#8221; header_level=&#8221;h3&#8243; header_font=&#8221;sequel45_new||||||||&#8221; body_font=&#8221;sequel45_new||on||||||&#8221; body_link_text_color=&#8221;#000064&#8243; custom_padding=&#8221;5vh||5vh||false|false&#8221; hover_transition_duration=&#8221;50ms&#8221; body_font_size_tablet=&#8221;13.5px&#8221; body_font_size_phone=&#8221;12px&#8221; body_font_size_last_edited=&#8221;on|phone&#8221; global_colors_info=&#8221;{}&#8221; sticky_transition=&#8221;on&#8221;]<\/p>\n<p>As a professional dancer, I thought I knew a lot about my body and its movement sequences, but Feldenkrais has taught me something new: by focussing on the body and breath, I can deepen and sharpen my body awareness even further.<br \/>I feel supported by the floor, my posture is secure and with a certain elegance, without any effort I feel my natural axis and length, the breath flows loosely and consciously.<br \/>I am learning to move my body more efficiently, to understand my asymmetries and to apply everything playfully in everyday and professional life. Endless research. It's such a natural and pleasant body sensation that I always wonder why I didn't feel and move like this before the session.<\/p>\n<p>Lisa (28) \u2013 profesional dancer<\/p>\n<p>[\/et_pb_slide][et_pb_slide admin_title=&#8221;lisa&#8221; _builder_version=&#8221;4.11.2&#8243; _module_preset=&#8221;default&#8221; header_level=&#8221;h3&#8243; header_font=&#8221;sequel45_new||||||||&#8221; body_font=&#8221;sequel45_new||on||||||&#8221; body_link_text_color=&#8221;#000064&#8243; custom_padding=&#8221;5vh||5vh||false|false&#8221; hover_transition_duration=&#8221;50ms&#8221; body_font_size_tablet=&#8221;13.5px&#8221; body_font_size_phone=&#8221;12px&#8221; body_font_size_last_edited=&#8221;on|phone&#8221; global_colors_info=&#8221;{}&#8221; sticky_transition=&#8221;on&#8221;]<\/p>\n<p>\u00ab The Feldenkrais method gives me the chance to get to know my body and to live in it more consciously.<br \/>Christian is a professional helper who knows exactly how to respond to my needs. \u00bb<\/p>\n<p>Hans-Peter (47) \u2013 Pianist mit Multipler Sklerose<\/p>\n<p>[\/et_pb_slide][\/et_pb_slider][\/et_pb_column][\/et_pb_row][et_pb_row _builder_version=&#8221;4.11.2&#8243; _module_preset=&#8221;default&#8221; width=&#8221;70%&#8221; global_colors_info=&#8221;{}&#8221;][et_pb_column type=&#8221;4_4&#8243; _builder_version=&#8221;4.11.2&#8243; _module_preset=&#8221;default&#8221; global_colors_info=&#8221;{}&#8221;][et_pb_text _builder_version=&#8221;4.11.2&#8243; _module_preset=&#8221;b36e51bb-1735-416b-95e0-35141d2e37f9&#8243; header_3_font_size=&#8221;19px&#8221; header_3_letter_spacing=&#8221;2.7px&#8221; global_colors_info=&#8221;{}&#8221;]<\/p>\n<h3><em>\"I don't treat patients - I give lessons to help people learn about themselves.\"<\/em><br \/><span style=\"font-size: small;\">Mosh\u00e9 Feldenkrais<\/span><\/h3>\n<p>[\/et_pb_text][\/et_pb_column][\/et_pb_row][\/et_pb_section][et_pb_section fb_built=&#8221;1&#8243; _builder_version=&#8221;4.11.2&#8243; _module_preset=&#8221;default&#8221; global_colors_info=&#8221;{}&#8221;][et_pb_row module_id=&#8221;map&#8221; _builder_version=&#8221;4.11.2&#8243; _module_preset=&#8221;default&#8221; width=&#8221;70%&#8221; width_tablet=&#8221;&#8221; width_phone=&#8221;80%&#8221; width_last_edited=&#8221;on|phone&#8221; global_colors_info=&#8221;{}&#8221;][et_pb_column type=&#8221;4_4&#8243; _builder_version=&#8221;4.11.2&#8243; _module_preset=&#8221;default&#8221; global_colors_info=&#8221;{}&#8221;][et_pb_text content_phone=&#8221;<\/p>\n<h3 style=\"%22text-align:\" right;%22>The individual lessons take place at Z\u00e4hringerstrasse 13 in Lucerne:<\/h3>\n<p>&#8221; content_last_edited=&#8221;off|desktop&#8221; _builder_version=&#8221;4.11.2&#8243; _module_preset=&#8221;a35aa1e7-8bdb-4fb3-b0cf-34fae93d9e0e&#8221; header_3_font_size=&#8221;19px&#8221; header_3_letter_spacing=&#8221;2px&#8221; header_3_text_align_tablet=&#8221;&#8221; header_3_text_align_phone=&#8221;&#8221; header_3_text_align_last_edited=&#8221;on|desktop&#8221; global_colors_info=&#8221;{}&#8221;]<\/p>\n<h3 style=\"text-align: left;\">Individual lessons are available in my practice in Copenhagen (DK) and on request at various locations in Switzerland.<\/h3>\n<p>[\/et_pb_text][\/et_pb_column][\/et_pb_row][et_pb_row _builder_version=&#8221;4.11.2&#8243; _module_preset=&#8221;default&#8221; width=&#8221;70%&#8221; width_tablet=&#8221;&#8221; width_phone=&#8221;80%&#8221; width_last_edited=&#8221;on|phone&#8221; global_colors_info=&#8221;{}&#8221;][et_pb_column type=&#8221;4_4&#8243; _builder_version=&#8221;4.11.2&#8243; _module_preset=&#8221;default&#8221; global_colors_info=&#8221;{}&#8221;][dsm_embed_google_map address=&#8221;Pileg\u00e5rdens Haveby 35&#8243; zoom=&#8221;12px&#8221; _builder_version=&#8221;4.11.2&#8243; _module_preset=&#8221;default&#8221; width=&#8221;100%&#8221; height=&#8221;484px&#8221; hover_enabled=&#8221;0&#8243; global_colors_info=&#8221;{}&#8221; sticky_enabled=&#8221;0&#8243;][\/dsm_embed_google_map][\/et_pb_column][\/et_pb_row][\/et_pb_section]<\/p>","protected":false},"excerpt":{"rendered":"<p>Einzellektionen FI Funktionale IntegrationIn der Einzellektion findet eine unmittelbare, nonverbale Kommunikation mittels pr\u00e4ziser Ber\u00fchrungen und Bewegungen statt. In personalisierten Einzel Sessions kann sehr spezifisch auf die individuellen Bed\u00fcrfnisse eingegangen werden.\u00a0 Feldenkrais Practitioner sind darin geschult, Bewegungsabl\u00e4ufe und -muster zu beobachten und k\u00f6nnen so gemeinsam mit Dir jeweils funktionsbezogen den f\u00fcr Dich passenden Weg finden. Die [&hellip;]<\/p>","protected":false},"author":1,"featured_media":0,"parent":0,"menu_order":0,"comment_status":"closed","ping_status":"closed","template":"","meta":{"_et_pb_use_builder":"on","_et_pb_old_content":"<!-- wp:divi\/placeholder \/-->","_et_gb_content_width":""},"_links":{"self":[{"href":"https:\/\/christianzemp.com\/en\/wp-json\/wp\/v2\/pages\/28955"}],"collection":[{"href":"https:\/\/christianzemp.com\/en\/wp-json\/wp\/v2\/pages"}],"about":[{"href":"https:\/\/christianzemp.com\/en\/wp-json\/wp\/v2\/types\/page"}],"author":[{"embeddable":true,"href":"https:\/\/christianzemp.com\/en\/wp-json\/wp\/v2\/users\/1"}],"replies":[{"embeddable":true,"href":"https:\/\/christianzemp.com\/en\/wp-json\/wp\/v2\/comments?post=28955"}],"version-history":[{"count":115,"href":"https:\/\/christianzemp.com\/en\/wp-json\/wp\/v2\/pages\/28955\/revisions"}],"predecessor-version":[{"id":30795,"href":"https:\/\/christianzemp.com\/en\/wp-json\/wp\/v2\/pages\/28955\/revisions\/30795"}],"wp:attachment":[{"href":"https:\/\/christianzemp.com\/en\/wp-json\/wp\/v2\/media?parent=28955"}],"curies":[{"name":"wp","href":"https:\/\/api.w.org\/{rel}","templated":true}]}}