{"id":28957,"date":"2020-12-03T18:13:21","date_gmt":"2020-12-03T17:13:21","guid":{"rendered":"https:\/\/www.christianzemp.com\/?page_id=28957"},"modified":"2024-08-19T12:33:24","modified_gmt":"2024-08-19T10:33:24","slug":"ueber-mich","status":"publish","type":"page","link":"https:\/\/christianzemp.com\/en\/ueber-mich\/","title":{"rendered":"About Me"},"content":{"rendered":"<p>[et_pb_section fb_built=&#8221;1&#8243; fullwidth=&#8221;on&#8221; admin_label=&#8221;Sektion&#8221; _builder_version=&#8221;4.11.2&#8243; _module_preset=&#8221;default&#8221; transform_scale_last_edited=&#8221;off|desktop&#8221; transform_translate_last_edited=&#8221;off|desktop&#8221; transform_rotate_last_edited=&#8221;off|desktop&#8221; transform_skew_last_edited=&#8221;off|desktop&#8221; transform_origin_last_edited=&#8221;off|desktop&#8221; transform_styles_last_edited=&#8221;off|desktop&#8221; positioning=&#8221;none&#8221; width=&#8221;100%&#8221; height=&#8221;100vh&#8221; height_tablet=&#8221;&#8221; height_phone=&#8221;&#8221; height_last_edited=&#8221;on|desktop&#8221; custom_padding=&#8221;||0px|||&#8221; animation_style=&#8221;fade&#8221; global_colors_info=&#8221;{}&#8221;][et_pb_fullwidth_image src=&#8221;https:\/\/christianzemp.com\/wp-content\/uploads\/2024\/08\/about-me-arrow-scaled.jpg&#8221; url=&#8221;#uber&#8221; src_tablet=&#8221;https:\/\/christianzemp.com\/wp-content\/uploads\/2021\/11\/DSC5223-scaled.jpg&#8221; src_phone=&#8221;https:\/\/christianzemp.com\/wp-content\/uploads\/2021\/03\/DSC5224-scaled.jpg&#8221; src_last_edited=&#8221;on|tablet&#8221; admin_label=&#8221;Vollbreites Bild&#8221; _builder_version=&#8221;4.11.2&#8243; _module_preset=&#8221;default&#8221; custom_margin=&#8221;||0px||false|false&#8221; filter_brightness=&#8221;112%&#8221; animation_style=&#8221;fade&#8221; animation_duration=&#8221;500ms&#8221; animation_starting_opacity=&#8221;29%&#8221; hover_enabled=&#8221;0&#8243; global_colors_info=&#8221;{}&#8221; title_text=&#8221;about me-arrow&#8221; sticky_enabled=&#8221;0&#8243;][\/et_pb_fullwidth_image][\/et_pb_section][et_pb_section fb_built=&#8221;1&#8243; admin_label=&#8221;Sektion&#8221; module_id=&#8221;uber&#8221; _builder_version=&#8221;4.11.2&#8243; _module_preset=&#8221;default&#8221; positioning=&#8221;none&#8221; custom_margin=&#8221;20vh||||false|false&#8221; hover_enabled=&#8221;0&#8243; global_colors_info=&#8221;{}&#8221; sticky_enabled=&#8221;0&#8243;][et_pb_row _builder_version=&#8221;4.11.2&#8243; _module_preset=&#8221;default&#8221; custom_margin=&#8221;0px||0px||false|false&#8221; custom_padding=&#8221;||||false|false&#8221; global_colors_info=&#8221;{}&#8221;][et_pb_column type=&#8221;4_4&#8243; _builder_version=&#8221;4.11.2&#8243; _module_preset=&#8221;default&#8221; global_colors_info=&#8221;{}&#8221;][et_pb_text _builder_version=&#8221;4.11.2&#8243; _module_preset=&#8221;a35aa1e7-8bdb-4fb3-b0cf-34fae93d9e0e&#8221; header_3_font_size=&#8221;19px&#8221; header_3_letter_spacing=&#8221;2.7px&#8221; link_option_url=&#8221;#ausbildung&#8221; global_colors_info=&#8221;{}&#8221;]<\/p>\n<h3 style=\"text-align: left;\">Working with the Feldenkrais Method is very close to my heart and I love to share my curiosity and fascination.<\/p>\n<p>On the one hand, it combines my interest in anatomy, neurology and psychology. On the other hand, the Feldenkrais work facilitates an immediate, moving and personal way of being in contact with people, appreciating their individuality and discovering a refreshing, primal human curiosity for small and large connections as a basis for personal development.<\/p>\n<p>In 2012, I discontinued my medical studies after one year and opted for the four-year professional Feldenkrais training programme instead - in retrospect, I consider this to be one of the best decisions of my life.<\/p>\n<p>At the same time as my Feldenkrais training, I studied music as an electric guitarist at the Lucerne University of Applied Sciences and Arts. My experience as an improvising musician enriches my Feldenkrais practice on various levels - and the many years of deepening and ongoing training in the Feldenkrais Method now provide the most important source of inspiration for my artistic practice, in which the two areas increasingly merge. <\/p>\n<p>&nbsp;<\/p>\n<p>[\/et_pb_text][\/et_pb_column][\/et_pb_row][et_pb_row _builder_version=&#8221;4.11.2&#8243; _module_preset=&#8221;default&#8221; width_tablet=&#8221;&#8221; width_phone=&#8221;&#8221; width_last_edited=&#8221;on|desktop&#8221; global_colors_info=&#8221;{}&#8221;][et_pb_column type=&#8221;4_4&#8243; _builder_version=&#8221;4.11.2&#8243; _module_preset=&#8221;default&#8221; global_colors_info=&#8221;{}&#8221;][et_pb_toggle title=&#8221;Meine Ausbildung&#8221; open=&#8221;on&#8221; module_id=&#8221;ausbildung&#8221; _builder_version=&#8221;4.11.2&#8243; _module_preset=&#8221;80bc2a12-e8ab-49e7-bf15-cb1ecec4bbf8&#8243; title_text_align=&#8221;left&#8221; title_font_size=&#8221;19px&#8221; title_letter_spacing=&#8221;2.7px&#8221; closed_title_text_align=&#8221;left&#8221; closed_title_font_size=&#8221;19px&#8221; closed_title_letter_spacing=&#8221;2.7px&#8221; body_letter_spacing=&#8221;1px&#8221; body_line_height=&#8221;2.5em&#8221; custom_padding=&#8221;30px|60px|30px|60px|false|false&#8221; custom_padding_tablet=&#8221;&#8221; custom_padding_phone=&#8221;30px|30px|30px|30px|false|false&#8221; custom_padding_last_edited=&#8221;on|tablet&#8221; body_font_size_phone=&#8221;11px&#8221; body_letter_spacing_tablet=&#8221;0.5px&#8221; body_letter_spacing_phone=&#8221;0.5px&#8221; body_line_height_phone=&#8221;2em&#8221; global_colors_info=&#8221;{}&#8221;]<\/p>\n<p style=\"text-align: left;\"><em>2012\u20132013\u00a0<\/em> Study human medicine 1st year<br \/><em>2013\u20132016<\/em> Bachelor of Arts in Music <a href=\"https:\/\/christianzemp.com\/en\/musiker\/\" target=\"_blank\" rel=\"noopener\">Jazz Guitar<\/a> at HSLU - Music<br \/><em>2017\u20132019<\/em> Master of Arts in Music <a href=\"https:\/\/christianzemp.com\/en\/musiker\/\" target=\"_blank\" rel=\"noopener\">Performance Jazz Guitar<\/a> HSLU \u2013 Music<br \/><em>2023-2025<\/em> Advanced Postgraduate Diploma <a href=\"https:\/\/rmc.dk\/en\">RMC Copenhagen<\/a><\/p>\n<p><em>2012\u20132016\u00a0 <\/em>Feldenkrais Professional Training Programme with Educational Director<a href=\"https:\/\/www.feldenkraisresources.com\/customtext_a\/257.htm\" target=\"_blank\" rel=\"noopener\"> Elizabeth Beringer<\/a><em><br \/>since 2017\u00a0 <\/em>Feldenkrais Advanced Trainings with Olena Nitefor (USA), Elizabeth Beringer (USA), Jeff Haller (USA), Alan Questel (USA)<em><br \/>since 2019<\/em> member of <a href=\"https:\/\/www.feldenkrais.ch\/\" target=\"_blank\" rel=\"noopener\">Swiss Feldenkrais Association SFV<\/a><br \/><em>since 2019\u00a0 <\/em>Certified by <a href=\"https:\/\/emr.ch\/therapeut\/christian.zemp\/\" target=\"_blank\" rel=\"noopener\">EMR-Quality label<\/a><br \/><em>2019\u20132021<\/em>\u00a0 Graduation <a href=\"https:\/\/www.iopsacademy.com\/overview\" target=\"_blank\" rel=\"noopener\">IOPS Academy<\/a> (Ideal Organization and Profound Strength): Feldenkrais Advanced Training with<a href=\"http:\/\/insidemoves.org\/AboutJeff\" target=\"_blank\" rel=\"noopener\"> Jeff Haller<\/a><br \/><em>since 2021 <\/em>Regularly assisting as Experienced Practitionier in the Feldenkrais Trainings<br \/><a href=\"https:\/\/feldenkraiszentrum.com\/de\" target=\"_blank\" rel=\"noopener\">Biel\/Leubringen (CH)<\/a>, <a href=\"https:\/\/feldenkraisausbildung-zuerichcity.com\/\" target=\"_blank\" rel=\"noopener\">Zurich City (CH)<\/a> and <a href=\"https:\/\/www.feldenkraislondon.com\/training.php\" target=\"_blank\" rel=\"noopener\">London (UK)<\/a><\/p>\n<div id=\"simple-translate\" class=\"simple-translate-system-theme\">\n<div>\n<div style=\"background-image: url('moz-extension:\/\/f24fd6df-432b-4e1e-b87d-b9626fcfce3b\/icons\/512.png'); height: 22px; width: 22px; top: 201px; left: 23px;\" class=\"simple-translate-button isShow\"><\/div>\n<div class=\"simple-translate-panel\" style=\"width: 300px; height: 200px; top: 0px; left: 0px; font-size: 13px;\">\n<div class=\"simple-translate-result-wrapper\" style=\"overflow: hidden;\">\n<div class=\"simple-translate-move\" draggable=\"true\"><\/div>\n<div class=\"simple-translate-result-contents\">\n<p class=\"simple-translate-result\" dir=\"auto\">\n<p class=\"simple-translate-candidate\" dir=\"auto\">\n<\/div>\n<\/div>\n<\/div>\n<\/div>\n<\/div>\n<p>[\/et_pb_toggle][\/et_pb_column][\/et_pb_row][\/et_pb_section]<\/p>","protected":false},"excerpt":{"rendered":"<p>Die Arbeit mit der Feldenkrais Methode liegt mir sehr am Herzen und ich m\u00f6chte meine Neugier und Faszination gerne teilen. Sie vereint einerseits mein Interesse in Anatomie, Neurologie, und Psychologie. Andererseits erm\u00f6glicht die Feldenkrais Arbeit eine unmittelbare, bewegende und pers\u00f6nliche Art mit Menschen in Kontakt zu sein, deren Individualit\u00e4t wertzusch\u00e4tzen und eine erfrischende, urmenschliche Neugier [&hellip;]<\/p>","protected":false},"author":1,"featured_media":0,"parent":0,"menu_order":0,"comment_status":"closed","ping_status":"closed","template":"","meta":{"_et_pb_use_builder":"on","_et_pb_old_content":"","_et_gb_content_width":""},"_links":{"self":[{"href":"https:\/\/christianzemp.com\/en\/wp-json\/wp\/v2\/pages\/28957"}],"collection":[{"href":"https:\/\/christianzemp.com\/en\/wp-json\/wp\/v2\/pages"}],"about":[{"href":"https:\/\/christianzemp.com\/en\/wp-json\/wp\/v2\/types\/page"}],"author":[{"embeddable":true,"href":"https:\/\/christianzemp.com\/en\/wp-json\/wp\/v2\/users\/1"}],"replies":[{"embeddable":true,"href":"https:\/\/christianzemp.com\/en\/wp-json\/wp\/v2\/comments?post=28957"}],"version-history":[{"count":81,"href":"https:\/\/christianzemp.com\/en\/wp-json\/wp\/v2\/pages\/28957\/revisions"}],"predecessor-version":[{"id":30745,"href":"https:\/\/christianzemp.com\/en\/wp-json\/wp\/v2\/pages\/28957\/revisions\/30745"}],"wp:attachment":[{"href":"https:\/\/christianzemp.com\/en\/wp-json\/wp\/v2\/media?parent=28957"}],"curies":[{"name":"wp","href":"https:\/\/api.w.org\/{rel}","templated":true}]}}